{"id":3662,"date":"2022-11-16T16:59:28","date_gmt":"2022-11-16T13:59:28","guid":{"rendered":"https:\/\/www.sym-tr.com\/yeni\/?page_id=3662"},"modified":"2026-04-01T13:49:44","modified_gmt":"2026-04-01T10:49:44","slug":"fiyat-listesi","status":"publish","type":"page","link":"https:\/\/www.sym-tr.com\/en\/fiyat-listesi\/","title":{"rendered":"Price List"},"content":{"rendered":"<div class=\"wpb-content-wrapper\"><p>[vc_row row_content_width=&#8221;grid&#8221; disable_background_image=&#8221;&#8221; enable_background_svg=&#8221;yes&#8221; content_text_aligment=&#8221;center&#8221; background_svg=&#8221;JTNDZGl2JTIwY2xhc3MlM0QlMjJta2RmLWFuaW1hdGVkLWJhY2tncm91bmQtc3ZnJTIyJTNFJTNDc3ZnJTIweG1sbnMlM0QlMjJodHRwJTNBJTJGJTJGd3d3LnczLm9yZyUyRjIwMDAlMkZzdmclMjIlMjB4bWxucyUzQXhsaW5rJTNEJTIyaHR0cCUzQSUyRiUyRnd3dy53My5vcmclMkYxOTk5JTJGeGxpbmslMjIlMjB4JTNEJTIyMHB4JTIyJTIweSUzRCUyMjBweCUyMiUyMHZpZXdCb3glM0QlMjIwJTIwMCUyMDE5MjAlMjA3MDAlMjIlMjBlbmFibGUtYmFja2dyb3VuZCUzRCUyMm5ldyUyMDAlMjAwJTIwMTkyMCUyMDcwMCUyMiUyMHhtbCUzQXNwYWNlJTNEJTIycHJlc2VydmUlMjIlM0UlMEElM0NwYXRoJTIwc3R5bGUlM0QlMjJmaWxsJTNBbm9uZSUzQnN0cm9rZSUzQXJlZCUzQnN0cm9rZS1taXRlcmxpbWl0JTNBMTAlMjIlMjBkJTNEJTIyTTAlMkMyNTcuNzhjMjMuMjYlMkMwLjYzJTJDNDcuMzYlMkMyLjIzJTJDNzIuNiUyQzQuOGM0My41MSUyQzQuNDglMkM4NC4yNCUyQzExLjE2JTJDMTIxLjA3JTJDMTkuODQlMEElMDljNDEuNTYlMkM5LjglMkM3OS45MiUyQzIyLjU2JTJDMTE0LjAyJTJDMzcuOTNjMTguNCUyQzguMjQlMkMzNi4zOCUyQzE3LjUzJTJDNTQuOTklMkMyOC4zOGM2OS40NiUyQzQwLjUzJTJDMTI4LjA1JTJDOTMuMjglMkMxODQuNzElMkMxNDQuMyUwQSUwOWM0OS40NyUyQzQ0LjU0JTJDMTAwLjYzJTJDOTAuNiUyQzE1OC42NSUyQzEyOC4xMmM0My4zMyUyQzI4LjAyJTJDODUuNTIlMkM0Ni42NSUyQzEyNS40MSUyQzU1LjM5YzI0LjkxJTJDNS40NiUyQzQ5LjE5JTJDNy4xNCUyQzcyLjE3JTJDNSUwQSUwOWM4NC45LTguMDUlMkMxNTMuNjgtNjYuODIlMkMyMDguOTQtMTE0LjA1Yzc2LjcxLTY1LjM3JTJDMTUyLjg5LTEyNi42OCUyQzIyNi40LTE4Mi4yM2M0OS0zNi45OCUyQzk3LjE2LTcyLjMzJTJDMTQzLjc0LTEwNi41MmwwLjA5LTAuMDYlMEElMDljMTguNjMtMTMuNjclMkMzNy44OS0yNy44MSUyQzU2Ljg1LTQxLjc5YzE4Ljg5LTEzLjkzJTJDNDEuNS0yOS40NSUyQzY2LjA1LTM4Ljg5YzEzLTUlMkMyNS43NC03Ljk1JTJDMzcuODctOC43NyUwQSUwOWMxMy43My0wLjkzJTJDMjcuMjIlMkMwLjgzJTJDNDAuMTElMkM1LjIyYzI2LjklMkM5LjE1JTJDNDcuODMlMkMyOC4wNyUyQzYzLjk5JTJDNTcuODRjMTQuMiUyQzI2LjE2JTJDMjIuMzMlMkM1Ni4yNSUyQzI4LjgzJTJDODIuMzklMEElMDljMzAuNzUlMkMxMjQuNiUyQzc0LjUlMkMyMTcuMDQlMkMxMzcuNjclMkMyOTAuOTFjMS45MiUyQzIuMjQlMkMzLjg2JTJDNC40NyUyQzUuODQlMkM2LjY5JTIyJTJGJTNFJTBBJTNDJTJGc3ZnJTNFJTNDJTJGZGl2JTNF&#8221;][vc_column][vc_empty_space height=&#8221;52px&#8221;][vc_single_image image=&#8221;7048&#8243; img_size=&#8221;full&#8221; alignment=&#8221;center&#8221; style=&#8221;vc_box_shadow_3d&#8221;][vc_empty_space height=&#8221;52px&#8221;][\/vc_column][\/vc_row][vc_row row_content_width=&#8221;grid&#8221; disable_background_image=&#8221;&#8221;][vc_column width=&#8221;1\/3&#8243;][vc_empty_space height=&#8221;52px&#8221;][vc_single_image image=&#8221;7004&#8243; img_size=&#8221;medium&#8221; alignment=&#8221;center&#8221; onclick=&#8221;custom_link&#8221; link=&#8221;https:\/\/www.sym-tr.com\/xpro-125\/&#8221;][vc_empty_space][vc_text_separator title=&#8221;X&#8217;PRO 125 E5&#8243; color=&#8221;juicy_pink&#8221;][vc_empty_space][vc_text_separator title=&#8221;111.000 \u20ba (12 TAKS\u0130T)&#8221; color=&#8221;juicy_pink&#8221;][vc_empty_space height=&#8221;12px&#8221;][vc_column_text]<\/p>\n<p style=\"text-align: center;\">12 Taksit fiyat\u0131ndan <strong><span style=\"color: #ff0000;\">\u00d6TV<\/span><\/strong> pe\u015fin tahsil edilir.<\/p>\n<p>[\/vc_column_text][vc_empty_space][\/vc_column][vc_column width=&#8221;1\/3&#8243;][vc_empty_space height=&#8221;52px&#8221;][vc_single_image image=&#8221;7007&#8243; img_size=&#8221;medium&#8221; alignment=&#8221;center&#8221; onclick=&#8221;custom_link&#8221; link=&#8221;https:\/\/www.sym-tr.com\/adx-125\/&#8221;][vc_empty_space][vc_text_separator title=&#8221;ADX 125 E5 ABS\/TCS SIVI&#8221; color=&#8221;juicy_pink&#8221;][vc_empty_space][vc_text_separator title=&#8221;203.500 \u20ba (12 TAKS\u0130T)&#8221; color=&#8221;juicy_pink&#8221;][vc_empty_space height=&#8221;12px&#8221;][vc_column_text]<\/p>\n<p style=\"text-align: center;\">12 Taksit fiyat\u0131ndan <strong><span style=\"color: #ff0000;\">\u00d6TV<\/span><\/strong> pe\u015fin tahsil edilir.<\/p>\n<p>[\/vc_column_text][vc_empty_space][\/vc_column][vc_column width=&#8221;1\/3&#8243;][vc_empty_space height=&#8221;52px&#8221;][vc_single_image image=&#8221;3321&#8243; img_size=&#8221;medium&#8221; alignment=&#8221;center&#8221; onclick=&#8221;custom_link&#8221; link=&#8221;https:\/\/www.sym-tr.com\/jet-x-tcs-abs-e5-plus\/&#8221;]<div class=\"mkdf-animated-text-holder  mkdf-animated-text-4703 mkdf-animated-text-horizontal mkdf-animated-text-position-center mkdf-has-animation \">\n\t<div class=\"mkdf-animated-text\" style=\"font-size: 36px;line-height: 38px;font-weight: 600;color: #dd3333\" data-item-class=\"mkdf-animated-text-4703\" data-font-size-1366=\"18px\" data-font-size-1024=\"18px\" data-font-size-768=\"18px\" data-font-size-680=\"14px\" data-line-height-1366=\"20px\" data-line-height-1024=\"20px\" data-line-height-768=\"20px\" >\n\t\t<span class=\"mkdf-split-character\">E<\/span> <span class=\"mkdf-split-character\">5<\/span> <span class=\"mkdf-split-character\"> <\/span> <span class=\"mkdf-split-character\">+<\/span>\t<\/div>\n\t<\/div>[vc_empty_space height=&#8221;52px&#8221;][vc_text_separator title=&#8221;JETX 125 E5+ ABS\/TCS SIVI&#8221; color=&#8221;juicy_pink&#8221;][vc_empty_space][vc_text_separator title=&#8221;175.000 \u20ba (12 TAKS\u0130T)&#8221; color=&#8221;juicy_pink&#8221;][vc_empty_space height=&#8221;12px&#8221;][vc_column_text]<\/p>\n<p style=\"text-align: center;\">12 Taksit fiyat\u0131ndan <strong><span style=\"color: #ff0000;\">\u00d6TV<\/span><\/strong> pe\u015fin tahsil edilir.<\/p>\n<p>[\/vc_column_text][vc_empty_space][\/vc_column][\/vc_row][vc_row row_content_width=&#8221;grid&#8221; disable_background_image=&#8221;&#8221;][vc_column][vc_btn title=&#8221;KRED\u0130 DESTEK NOKTALARI&#8221; color=&#8221;pink&#8221; size=&#8221;lg&#8221; align=&#8221;center&#8221; button_block=&#8221;true&#8221; link=&#8221;url:https%3A%2F%2Fwww.sym-tr.com%2Fkredi-destek-noktalari%2F&#8221;][vc_empty_space][\/vc_column][\/vc_row][vc_row row_content_width=&#8221;grid&#8221; disable_background_image=&#8221;&#8221;][vc_column width=&#8221;1\/3&#8243;][vc_empty_space height=&#8221;52px&#8221;][vc_single_image image=&#8221;7013&#8243; img_size=&#8221;medium&#8221; alignment=&#8221;center&#8221; onclick=&#8221;custom_link&#8221; link=&#8221;https:\/\/www.sym-tr.com\/symphony-st-200-abs-e5\/&#8221;][vc_empty_space][vc_text_separator title=&#8221;SYMPHONY ST 200 i ABS E5&#8243; color=&#8221;juicy_pink&#8221;][vc_empty_space][vc_text_separator title=&#8221;151.000 \u20ba (12 TAKS\u0130T)&#8221; color=&#8221;juicy_pink&#8221;][vc_empty_space height=&#8221;12px&#8221;][vc_column_text]<\/p>\n<p style=\"text-align: center;\">12 Taksit fiyat\u0131ndan <strong><span style=\"color: #ff0000;\">\u00d6TV<\/span><\/strong> pe\u015fin tahsil edilir.<\/p>\n<p>[\/vc_column_text][vc_empty_space][\/vc_column][vc_column width=&#8221;1\/3&#8243;][vc_empty_space height=&#8221;52px&#8221;][vc_single_image image=&#8221;7008&#8243; img_size=&#8221;medium&#8221; alignment=&#8221;center&#8221; onclick=&#8221;custom_link&#8221; link=&#8221;https:\/\/www.sym-tr.com\/drg-160-tcs-abs-liquid-cooling\/&#8221;][vc_empty_space][vc_text_separator title=&#8221;DRAGON 160 E5 ABS\/TCS SIVI&#8221; color=&#8221;juicy_pink&#8221;][vc_empty_space][vc_text_separator title=&#8221;177.000 \u20ba (12 TAKS\u0130T)&#8221; color=&#8221;juicy_pink&#8221;][vc_empty_space height=&#8221;12px&#8221;][vc_column_text]<\/p>\n<p style=\"text-align: center;\">12 Taksit fiyat\u0131ndan <strong><span style=\"color: #ff0000;\">\u00d6TV<\/span><\/strong> pe\u015fin tahsil edilir.<\/p>\n<p>[\/vc_column_text][vc_empty_space][\/vc_column][vc_column width=&#8221;1\/3&#8243;][vc_empty_space height=&#8221;52px&#8221;][vc_single_image image=&#8221;7009&#8243; img_size=&#8221;medium&#8221; alignment=&#8221;center&#8221; onclick=&#8221;custom_link&#8221; link=&#8221;https:\/\/www.sym-tr.com\/mmbcu-mamba\/&#8221;][vc_empty_space][vc_text_separator title=&#8221;MAMBA 160 E5 ABS SIVI&#8221; color=&#8221;juicy_pink&#8221;][vc_empty_space][vc_text_separator title=&#8221;199.000 \u20ba (12 TAKS\u0130T)&#8221; color=&#8221;juicy_pink&#8221;][vc_empty_space height=&#8221;12px&#8221;][vc_column_text]<\/p>\n<p style=\"text-align: center;\">12 Taksit fiyat\u0131ndan <strong><span style=\"color: #ff0000;\">\u00d6TV<\/span><\/strong> pe\u015fin tahsil edilir.<\/p>\n<p>[\/vc_column_text][vc_empty_space][\/vc_column][\/vc_row][vc_row row_content_width=&#8221;grid&#8221; disable_background_image=&#8221;&#8221;][vc_column][vc_btn title=&#8221;KRED\u0130 DESTEK NOKTALARI&#8221; color=&#8221;pink&#8221; size=&#8221;lg&#8221; align=&#8221;center&#8221; button_block=&#8221;true&#8221; link=&#8221;url:https%3A%2F%2Fwww.sym-tr.com%2Fkredi-destek-noktalari%2F&#8221;][vc_empty_space][\/vc_column][\/vc_row][vc_row row_content_width=&#8221;grid&#8221; disable_background_image=&#8221;&#8221;][vc_column width=&#8221;1\/3&#8243;][vc_empty_space height=&#8221;52px&#8221;][vc_single_image image=&#8221;7011&#8243; img_size=&#8221;medium&#8221; alignment=&#8221;center&#8221; onclick=&#8221;custom_link&#8221; link=&#8221;https:\/\/www.sym-tr.com\/jet-14-200-abs-e5\/&#8221;][vc_empty_space][vc_text_separator title=&#8221;JET 14 200 i ABS E5&#8243; color=&#8221;juicy_pink&#8221;][vc_empty_space][vc_text_separator title=&#8221;149.000 \u20ba (12 TAKS\u0130T)&#8221; color=&#8221;juicy_pink&#8221;][vc_empty_space height=&#8221;12px&#8221;][vc_column_text]<\/p>\n<p style=\"text-align: center;\">12 Taksit fiyat\u0131ndan <strong><span style=\"color: #ff0000;\">\u00d6TV<\/span><\/strong> pe\u015fin tahsil edilir.<\/p>\n<p>[\/vc_column_text][vc_empty_space][\/vc_column][vc_column width=&#8221;1\/3&#8243;][vc_empty_space height=&#8221;52px&#8221;][vc_single_image image=&#8221;7012&#8243; img_size=&#8221;medium&#8221; alignment=&#8221;center&#8221; onclick=&#8221;custom_link&#8221; link=&#8221;https:\/\/www.sym-tr.com\/jet14-evo-plus\/&#8221;]<div class=\"mkdf-animated-text-holder  mkdf-animated-text-9645 mkdf-animated-text-horizontal mkdf-animated-text-position-center mkdf-has-animation \">\n\t<div class=\"mkdf-animated-text\" style=\"font-size: 36px;line-height: 38px;font-weight: 600;color: #dd3333\" data-item-class=\"mkdf-animated-text-9645\" data-font-size-1366=\"18px\" data-font-size-1024=\"18px\" data-font-size-768=\"18px\" data-font-size-680=\"14px\" data-line-height-1366=\"20px\" data-line-height-1024=\"20px\" data-line-height-768=\"20px\" >\n\t\t<span class=\"mkdf-split-character\">E<\/span> <span class=\"mkdf-split-character\">5<\/span> <span class=\"mkdf-split-character\"> <\/span> <span class=\"mkdf-split-character\">+<\/span>\t<\/div>\n\t<\/div>[vc_empty_space height=&#8221;52px&#8221;][vc_text_separator title=&#8221;JET 14 200 EVO E5+&#8221; color=&#8221;juicy_pink&#8221;][vc_empty_space][vc_text_separator title=&#8221;167.000 \u20ba (12 TAKS\u0130T)&#8221; color=&#8221;juicy_pink&#8221;][vc_empty_space height=&#8221;12px&#8221;][vc_column_text]<\/p>\n<p style=\"text-align: center;\">12 Taksit fiyat\u0131ndan <strong><span style=\"color: #ff0000;\">\u00d6TV<\/span><\/strong> pe\u015fin tahsil edilir.<\/p>\n<p>[\/vc_column_text][vc_empty_space][\/vc_column][vc_column width=&#8221;1\/3&#8243;][vc_empty_space height=&#8221;52px&#8221;][vc_single_image image=&#8221;7944&#8243; img_size=&#8221;medium&#8221; alignment=&#8221;center&#8221; onclick=&#8221;custom_link&#8221; link=&#8221;https:\/\/www.sym-tr.com\/symphony-st-200-abs-e5-plus\/&#8221;]<div class=\"mkdf-animated-text-holder  mkdf-animated-text-6737 mkdf-animated-text-horizontal mkdf-animated-text-position-center mkdf-has-animation \">\n\t<div class=\"mkdf-animated-text\" style=\"font-size: 36px;line-height: 38px;font-weight: 600;color: #dd3333\" data-item-class=\"mkdf-animated-text-6737\" data-font-size-1366=\"18px\" data-font-size-1024=\"18px\" data-font-size-768=\"18px\" data-font-size-680=\"14px\" data-line-height-1366=\"20px\" data-line-height-1024=\"20px\" data-line-height-768=\"20px\" >\n\t\t<span class=\"mkdf-split-character\">E<\/span> <span class=\"mkdf-split-character\">5<\/span> <span class=\"mkdf-split-character\"> <\/span> <span class=\"mkdf-split-character\">+<\/span>\t<\/div>\n\t<\/div>[vc_empty_space height=&#8221;52px&#8221;][vc_text_separator title=&#8221;SYMPHONY ST 200 i ABS E5 +&#8221; color=&#8221;juicy_pink&#8221;][vc_empty_space][vc_text_separator title=&#8221;178.500 \u20ba (12 TAKS\u0130T)&#8221; color=&#8221;juicy_pink&#8221;][vc_empty_space height=&#8221;12px&#8221;][vc_column_text]<\/p>\n<p style=\"text-align: center;\">12 Taksit fiyat\u0131ndan <strong><span style=\"color: #ff0000;\">\u00d6TV<\/span><\/strong> pe\u015fin tahsil edilir.<\/p>\n<p>[\/vc_column_text][vc_empty_space][\/vc_column][\/vc_row][vc_row row_content_width=&#8221;grid&#8221; disable_background_image=&#8221;&#8221;][vc_column][vc_btn title=&#8221;KRED\u0130 DESTEK NOKTALARI&#8221; color=&#8221;pink&#8221; size=&#8221;lg&#8221; align=&#8221;center&#8221; button_block=&#8221;true&#8221; link=&#8221;url:https%3A%2F%2Fwww.sym-tr.com%2Fkredi-destek-noktalari%2F&#8221;][vc_empty_space][\/vc_column][\/vc_row][vc_row row_content_width=&#8221;grid&#8221; disable_background_image=&#8221;&#8221;][vc_column width=&#8221;1\/3&#8243;][vc_empty_space height=&#8221;52px&#8221;][vc_single_image image=&#8221;7015&#8243; img_size=&#8221;medium&#8221; alignment=&#8221;center&#8221; onclick=&#8221;custom_link&#8221; link=&#8221;https:\/\/www.sym-tr.com\/joymax-z-250-tcs-abs\/&#8221;][vc_empty_space][vc_text_separator title=&#8221;JOYMAX Z 250 E5 ABS\/TCS SIVI&#8221; color=&#8221;juicy_pink&#8221;][vc_empty_space][vc_text_separator title=&#8221;271.500 \u20ba (12 TAKS\u0130T)&#8221; color=&#8221;juicy_pink&#8221;][vc_empty_space height=&#8221;12px&#8221;][vc_empty_space height=&#8221;12px&#8221;][vc_column_text]<\/p>\n<p style=\"text-align: center;\">12 Taksit fiyat\u0131ndan <strong><span style=\"color: #ff0000;\">\u00d6TV<\/span><\/strong> pe\u015fin tahsil edilir.<\/p>\n<p>[\/vc_column_text][vc_empty_space][\/vc_column][vc_column width=&#8221;1\/3&#8243;][vc_empty_space height=&#8221;52px&#8221;][vc_single_image image=&#8221;7016&#8243; img_size=&#8221;medium&#8221; alignment=&#8221;center&#8221; onclick=&#8221;custom_link&#8221; link=&#8221;https:\/\/www.sym-tr.com\/joyride-300_16-abs-liquid-cooling\/&#8221;][vc_empty_space][vc_text_separator title=&#8221;JOYRIDE 300 E5 TCS SIVI&#8221; color=&#8221;juicy_pink&#8221;][vc_empty_space][vc_text_separator title=&#8221;281.500 \u20ba (12 TAKS\u0130T)&#8221; color=&#8221;juicy_pink&#8221;][vc_empty_space height=&#8221;12px&#8221;][vc_column_text]<\/p>\n<p style=\"text-align: center;\">12 Taksit fiyat\u0131ndan <strong><span style=\"color: #ff0000;\">\u00d6TV<\/span><\/strong> pe\u015fin tahsil edilir.<\/p>\n<p>[\/vc_column_text][vc_empty_space][\/vc_column][vc_column width=&#8221;1\/3&#8243;][vc_empty_space height=&#8221;52px&#8221;][vc_single_image image=&#8221;7651&#8243; img_size=&#8221;medium&#8221; alignment=&#8221;center&#8221; onclick=&#8221;custom_link&#8221; link=&#8221;https:\/\/www.sym-tr.com\/joymax-z-250-tcs-abs-e5-plus\/&#8221;]<div class=\"mkdf-animated-text-holder  mkdf-animated-text-6232 mkdf-animated-text-horizontal mkdf-animated-text-position-center mkdf-has-animation \">\n\t<div class=\"mkdf-animated-text\" style=\"font-size: 36px;line-height: 38px;font-weight: 600;color: #dd3333\" data-item-class=\"mkdf-animated-text-6232\" data-font-size-1366=\"18px\" data-font-size-1024=\"18px\" data-font-size-768=\"18px\" data-font-size-680=\"14px\" data-line-height-1366=\"20px\" data-line-height-1024=\"20px\" data-line-height-768=\"20px\" >\n\t\t<span class=\"mkdf-split-character\">E<\/span> <span class=\"mkdf-split-character\">5<\/span> <span class=\"mkdf-split-character\"> <\/span> <span class=\"mkdf-split-character\">+<\/span>\t<\/div>\n\t<\/div>[vc_empty_space height=&#8221;42px&#8221;][vc_text_separator title=&#8221;JOYMAX Z 250 E5 PLUS&#8221; color=&#8221;juicy_pink&#8221;][vc_empty_space][vc_text_separator title=&#8221;279.000 \u20ba (Pe\u015fin)&#8221; color=&#8221;juicy_pink&#8221;][vc_empty_space height=&#8221;12px&#8221;][vc_text_separator title=&#8221;315.000 \u20ba ( 6 TAKS\u0130T)&#8221; color=&#8221;juicy_pink&#8221;][vc_empty_space height=&#8221;12px&#8221;][vc_text_separator title=&#8221;330.000 \u20ba (9 TAKS\u0130T)&#8221; color=&#8221;juicy_pink&#8221;][vc_empty_space height=&#8221;12px&#8221;][vc_column_text]<\/p>\n<p style=\"text-align: center;\">Taksitli fiyat\u0131ndan <strong><span style=\"color: #ff0000;\">\u00d6TV<\/span><\/strong> pe\u015fin tahsil edilir.<\/p>\n<p>[\/vc_column_text][vc_empty_space][\/vc_column][\/vc_row][vc_row row_content_width=&#8221;grid&#8221; disable_background_image=&#8221;&#8221;][vc_column][vc_btn title=&#8221;KRED\u0130 DESTEK NOKTALARI&#8221; color=&#8221;pink&#8221; size=&#8221;lg&#8221; align=&#8221;center&#8221; button_block=&#8221;true&#8221; link=&#8221;url:https%3A%2F%2Fwww.sym-tr.com%2Fkredi-destek-noktalari%2F&#8221;][vc_empty_space][\/vc_column][\/vc_row][vc_row row_content_width=&#8221;grid&#8221; disable_background_image=&#8221;&#8221;][vc_column width=&#8221;1\/3&#8243;][vc_empty_space height=&#8221;52px&#8221;][vc_single_image image=&#8221;7019&#8243; img_size=&#8221;medium&#8221; alignment=&#8221;center&#8221; onclick=&#8221;custom_link&#8221; link=&#8221;https:\/\/www.sym-tr.com\/nh-x-125\/&#8221;][vc_empty_space][vc_text_separator title=&#8221;NHX 125 E5 ABS&#8221; color=&#8221;juicy_pink&#8221;][vc_empty_space][vc_text_separator title=&#8221;149.000 \u20ba (12 TAKS\u0130T)&#8221; color=&#8221;juicy_pink&#8221;][vc_empty_space height=&#8221;12px&#8221;][vc_column_text]<\/p>\n<p style=\"text-align: center;\">12 Taksit fiyat\u0131ndan <strong><span style=\"color: #ff0000;\">\u00d6TV<\/span><\/strong> pe\u015fin tahsil edilir.<\/p>\n<p>[\/vc_column_text][vc_empty_space][\/vc_column][vc_column width=&#8221;1\/3&#8243;][vc_empty_space height=&#8221;52px&#8221;][vc_single_image image=&#8221;7020&#8243; img_size=&#8221;medium&#8221; alignment=&#8221;center&#8221; onclick=&#8221;custom_link&#8221; link=&#8221;https:\/\/www.sym-tr.com\/nh-t-200\/&#8221;][vc_empty_space][vc_text_separator title=&#8221;NHT 200 E5 ABS&#8221; color=&#8221;juicy_pink&#8221;][vc_empty_space][vc_text_separator title=&#8221;181.000 \u20ba (12 TAKS\u0130T)&#8221; color=&#8221;juicy_pink&#8221;][vc_empty_space height=&#8221;12px&#8221;][vc_column_text]<\/p>\n<p style=\"text-align: center;\">12 Taksit fiyat\u0131ndan <strong><span style=\"color: #ff0000;\">\u00d6TV<\/span><\/strong> pe\u015fin tahsil edilir.<\/p>\n<p>[\/vc_column_text][vc_empty_space][\/vc_column][vc_column width=&#8221;1\/3&#8243;][vc_empty_space height=&#8221;52px&#8221;][vc_single_image image=&#8221;7021&#8243; img_size=&#8221;medium&#8221; alignment=&#8221;center&#8221; onclick=&#8221;custom_link&#8221; link=&#8221;https:\/\/www.sym-tr.com\/adx-300\/&#8221;]<div class=\"mkdf-animated-text-holder  mkdf-animated-text-4475 mkdf-animated-text-horizontal mkdf-animated-text-position-center mkdf-has-animation \">\n\t<div class=\"mkdf-animated-text\" style=\"font-size: 36px;line-height: 38px;font-weight: 600;color: #dd3333\" data-item-class=\"mkdf-animated-text-4475\" data-font-size-1366=\"18px\" data-font-size-1024=\"18px\" data-font-size-768=\"18px\" data-font-size-680=\"14px\" data-line-height-1366=\"20px\" data-line-height-1024=\"20px\" data-line-height-768=\"20px\" >\n\t\t<span class=\"mkdf-split-character\">E<\/span> <span class=\"mkdf-split-character\">5<\/span> <span class=\"mkdf-split-character\"> <\/span> <span class=\"mkdf-split-character\">+<\/span>\t<\/div>\n\t<\/div>[vc_empty_space height=&#8221;42px&#8221;][vc_text_separator title=&#8221;ADX 300 E5+&#8221; color=&#8221;juicy_pink&#8221;][vc_empty_space][vc_text_separator title=&#8221;359.000 \u20ba (12 TAKS\u0130T)&#8221; color=&#8221;juicy_pink&#8221;][vc_empty_space height=&#8221;12px&#8221;][vc_column_text]<\/p>\n<p style=\"text-align: center;\">12 Taksit fiyat\u0131ndan <strong><span style=\"color: #ff0000;\">\u00d6TV<\/span><\/strong> pe\u015fin tahsil edilir.<\/p>\n<p>[\/vc_column_text][vc_empty_space height=&#8221;16px&#8221;][\/vc_column][\/vc_row][vc_row row_content_width=&#8221;grid&#8221; disable_background_image=&#8221;&#8221;][vc_column][vc_btn title=&#8221;KRED\u0130 DESTEK NOKTALARI&#8221; color=&#8221;pink&#8221; size=&#8221;lg&#8221; align=&#8221;center&#8221; button_block=&#8221;true&#8221; link=&#8221;url:https%3A%2F%2Fwww.sym-tr.com%2Fkredi-destek-noktalari%2F&#8221;][vc_empty_space][\/vc_column][\/vc_row][vc_row row_content_width=&#8221;grid&#8221; disable_background_image=&#8221;&#8221;][vc_column width=&#8221;1\/3&#8243;][vc_empty_space height=&#8221;52px&#8221;][vc_single_image image=&#8221;7005&#8243; img_size=&#8221;medium&#8221; alignment=&#8221;center&#8221; onclick=&#8221;custom_link&#8221; link=&#8221;https:\/\/www.sym-tr.com\/fiddle-125-abs\/&#8221;][vc_empty_space][vc_text_separator title=&#8221;FIDDLE IV 125 i E5 CBS&#8221; color=&#8221;juicy_pink&#8221;][vc_empty_space][vc_text_separator title=&#8221;120.000 \u20ba (12 TAKS\u0130T)&#8221; color=&#8221;juicy_pink&#8221;][vc_empty_space height=&#8221;12px&#8221;][vc_column_text]<\/p>\n<p style=\"text-align: center;\">12 Taksit fiyat\u0131ndan <strong><span style=\"color: #ff0000;\">\u00d6TV<\/span><\/strong> pe\u015fin tahsil edilir.<\/p>\n<p>[\/vc_column_text][vc_empty_space height=&#8221;16px&#8221;][\/vc_column][vc_column width=&#8221;1\/3&#8243;][vc_empty_space height=&#8221;52px&#8221;][vc_single_image image=&#8221;7017&#8243; img_size=&#8221;medium&#8221; alignment=&#8221;center&#8221; onclick=&#8221;custom_link&#8221; link=&#8221;https:\/\/www.sym-tr.com\/maxsym-tl-508-tcs-abs-liquid-cooling\/&#8221;][vc_empty_space][vc_text_separator title=&#8221;MAXSYM 508 E5 ABS\/TCS SIVI&#8221; color=&#8221;juicy_pink&#8221;][vc_empty_space][vc_text_separator title=&#8221;604.000 \u20ba (12 TAKS\u0130T)&#8221; color=&#8221;juicy_pink&#8221;][vc_empty_space height=&#8221;12px&#8221;][vc_column_text]<\/p>\n<p style=\"text-align: center;\">12 Taksit fiyat\u0131ndan <strong><span style=\"color: #ff0000;\">\u00d6TV<\/span><\/strong> pe\u015fin tahsil edilir.<\/p>\n<p>[\/vc_column_text][vc_empty_space][\/vc_column][vc_column width=&#8221;1\/3&#8243;][\/vc_column][\/vc_row][vc_row row_content_width=&#8221;grid&#8221; disable_background_image=&#8221;&#8221;][vc_column][vc_column_text]Yukar\u0131daki fiyatlar pe\u015fin fiyatlar\u0131 olup , KDV ve \u00d6TV dahildir. KDV ve \u00d6TV oranlar\u0131nda yap\u0131lan de\u011fi\u015fiklikler fiyatlara aynen yans\u0131t\u0131lacakt\u0131r. Motoran A.\u015e.. her t\u00fcrl\u00fc fiyat de\u011fi\u015fikli\u011fi yapma hakk\u0131na sahiptir.[\/vc_column_text][\/vc_column][\/vc_row][vc_row disable_element=&#8221;yes&#8221; row_content_width=&#8221;grid&#8221; disable_background_image=&#8221;&#8221;][vc_column width=&#8221;1\/3&#8243;][\/vc_column][vc_column width=&#8221;1\/3&#8243;][vc_empty_space height=&#8221;52px&#8221;][vc_btn title=&#8221;Fiyat listemizi buradan indirebilirsiniz.&#8221; style=&#8221;3d&#8221; color=&#8221;pink&#8221; align=&#8221;center&#8221; i_icon_fontawesome=&#8221;fas fa-cloud-download-alt&#8221; add_icon=&#8221;true&#8221; link=&#8221;url:https%3A%2F%2Fwww.sym-tr.com%2Fwp-content%2Fuploads%2F2024%2F10%2FEkim_2024_price_list.pdf&#8221;][\/vc_column][vc_column width=&#8221;1\/3&#8243;][\/vc_column][\/vc_row]<\/p>\n<\/div>","protected":false},"excerpt":{"rendered":"<p>[vc_row row_content_width=&#8221;grid&#8221; disable_background_image=&#8221;&#8221; enable_background_svg=&#8221;yes&#8221; content_text_aligment=&#8221;center&#8221; background_svg=&#8221;JTNDZGl2JTIwY2xhc3MlM0QlMjJta2RmLWFuaW1hdGVkLWJhY2tncm91bmQtc3ZnJTIyJTNFJTNDc3ZnJTIweG1sbnMlM0QlMjJodHRwJTNBJTJGJTJGd3d3LnczLm9yZyUyRjIwMDAlMkZzdmclMjIlMjB4bWxucyUzQXhsaW5rJTNEJTIyaHR0cCUzQSUyRiUyRnd3dy53My5vcmclMkYxOTk5JTJGeGxpbmslMjIlMjB4JTNEJTIyMHB4JTIyJTIweSUzRCUyMjBweCUyMiUyMHZpZXdCb3glM0QlMjIwJTIwMCUyMDE5MjAlMjA3MDAlMjIlMjBlbmFibGUtYmFja2dyb3VuZCUzRCUyMm5ldyUyMDAlMjAwJTIwMTkyMCUyMDcwMCUyMiUyMHhtbCUzQXNwYWNlJTNEJTIycHJlc2VydmUlMjIlM0UlMEElM0NwYXRoJTIwc3R5bGUlM0QlMjJmaWxsJTNBbm9uZSUzQnN0cm9rZSUzQXJlZCUzQnN0cm9rZS1taXRlcmxpbWl0JTNBMTAlMjIlMjBkJTNEJTIyTTAlMkMyNTcuNzhjMjMuMjYlMkMwLjYzJTJDNDcuMzYlMkMyLjIzJTJDNzIuNiUyQzQuOGM0My41MSUyQzQuNDglMkM4NC4yNCUyQzExLjE2JTJDMTIxLjA3JTJDMTkuODQlMEElMDljNDEuNTYlMkM5LjglMkM3OS45MiUyQzIyLjU2JTJDMTE0LjAyJTJDMzcuOTNjMTguNCUyQzguMjQlMkMzNi4zOCUyQzE3LjUzJTJDNTQuOTklMkMyOC4zOGM2OS40NiUyQzQwLjUzJTJDMTI4LjA1JTJDOTMuMjglMkMxODQuNzElMkMxNDQuMyUwQSUwOWM0OS40NyUyQzQ0LjU0JTJDMTAwLjYzJTJDOTAuNiUyQzE1OC42NSUyQzEyOC4xMmM0My4zMyUyQzI4LjAyJTJDODUuNTIlMkM0Ni42NSUyQzEyNS40MSUyQzU1LjM5YzI0LjkxJTJDNS40NiUyQzQ5LjE5JTJDNy4xNCUyQzcyLjE3JTJDNSUwQSUwOWM4NC45LTguMDUlMkMxNTMuNjgtNjYuODIlMkMyMDguOTQtMTE0LjA1Yzc2LjcxLTY1LjM3JTJDMTUyLjg5LTEyNi42OCUyQzIyNi40LTE4Mi4yM2M0OS0zNi45OCUyQzk3LjE2LTcyLjMzJTJDMTQzLjc0LTEwNi41MmwwLjA5LTAuMDYlMEElMDljMTguNjMtMTMuNjclMkMzNy44OS0yNy44MSUyQzU2Ljg1LTQxLjc5YzE4Ljg5LTEzLjkzJTJDNDEuNS0yOS40NSUyQzY2LjA1LTM4Ljg5YzEzLTUlMkMyNS43NC03Ljk1JTJDMzcuODctOC43NyUwQSUwOWMxMy43My0wLjkzJTJDMjcuMjIlMkMwLjgzJTJDNDAuMTElMkM1LjIyYzI2LjklMkM5LjE1JTJDNDcuODMlMkMyOC4wNyUyQzYzLjk5JTJDNTcuODRjMTQuMiUyQzI2LjE2JTJDMjIuMzMlMkM1Ni4yNSUyQzI4LjgzJTJDODIuMzklMEElMDljMzAuNzUlMkMxMjQuNiUyQzc0LjUlMkMyMTcuMDQlMkMxMzcuNjclMkMyOTAuOTFjMS45MiUyQzIuMjQlMkMzLjg2JTJDNC40NyUyQzUuODQlMkM2LjY5JTIyJTJGJTNFJTBBJTNDJTJGc3ZnJTNFJTNDJTJGZGl2JTNF&#8221;][vc_column][vc_empty_space height=&#8221;52px&#8221;][vc_single_image image=&#8221;7048&#8243; img_size=&#8221;full&#8221; alignment=&#8221;center&#8221; style=&#8221;vc_box_shadow_3d&#8221;][vc_empty_space height=&#8221;52px&#8221;][\/vc_column][\/vc_row][vc_row row_content_width=&#8221;grid&#8221; disable_background_image=&#8221;&#8221;][vc_column width=&#8221;1\/3&#8243;][vc_empty_space height=&#8221;52px&#8221;][vc_single_image image=&#8221;7004&#8243; img_size=&#8221;medium&#8221; alignment=&#8221;center&#8221; onclick=&#8221;custom_link&#8221; link=&#8221;https:\/\/www.sym-tr.com\/xpro-125\/&#8221;][vc_empty_space][vc_text_separator title=&#8221;X&#8217;PRO 125 E5&#8243; color=&#8221;juicy_pink&#8221;][vc_empty_space][vc_text_separator title=&#8221;111.000 \u20ba (12 TAKS\u0130T)&#8221; color=&#8221;juicy_pink&#8221;][vc_empty_space height=&#8221;12px&#8221;][vc_column_text] 12 Taksit fiyat\u0131ndan \u00d6TV pe\u015fin tahsil edilir. [\/vc_column_text][vc_empty_space][\/vc_column][vc_column width=&#8221;1\/3&#8243;][vc_empty_space [&hellip;]<\/p>\n","protected":false},"author":2,"featured_media":0,"parent":0,"menu_order":0,"comment_status":"closed","ping_status":"closed","template":"full-width.php","meta":{"footnotes":""},"class_list":["post-3662","page","type-page","status-publish","hentry"],"_links":{"self":[{"href":"https:\/\/www.sym-tr.com\/en\/wp-json\/wp\/v2\/pages\/3662","targetHints":{"allow":["GET"]}}],"collection":[{"href":"https:\/\/www.sym-tr.com\/en\/wp-json\/wp\/v2\/pages"}],"about":[{"href":"https:\/\/www.sym-tr.com\/en\/wp-json\/wp\/v2\/types\/page"}],"author":[{"embeddable":true,"href":"https:\/\/www.sym-tr.com\/en\/wp-json\/wp\/v2\/users\/2"}],"replies":[{"embeddable":true,"href":"https:\/\/www.sym-tr.com\/en\/wp-json\/wp\/v2\/comments?post=3662"}],"version-history":[{"count":0,"href":"https:\/\/www.sym-tr.com\/en\/wp-json\/wp\/v2\/pages\/3662\/revisions"}],"wp:attachment":[{"href":"https:\/\/www.sym-tr.com\/en\/wp-json\/wp\/v2\/media?parent=3662"}],"curies":[{"name":"wp","href":"https:\/\/api.w.org\/{rel}","templated":true}]}}