{"id":6100,"date":"2024-03-15T16:06:04","date_gmt":"2024-03-15T13:06:04","guid":{"rendered":"https:\/\/www.sym-tr.com\/?page_id=6100"},"modified":"2026-01-12T10:31:09","modified_gmt":"2026-01-12T07:31:09","slug":"periyodik-bakim-surecleri-ucretlendirme","status":"publish","type":"page","link":"https:\/\/www.sym-tr.com\/en\/periyodik-bakim-surecleri-ucretlendirme\/","title":{"rendered":"PERIODIC MAINTENANCE PROCESSES &#038; PRICING"},"content":{"rendered":"<div class=\"wpb-content-wrapper\"><p>[vc_row disable_background_image=&#8221;&#8221;][vc_column][vc_empty_space height=&#8221;42px&#8221;][vc_text_separator title=&#8221;SYM BAKIM S\u00dcREC\u0130 &amp; \u00dcCRETLEND\u0130RME&#8221; color=&#8221;juicy_pink&#8221;][\/vc_column][\/vc_row][vc_row gap=&#8221;35&#8243; content_placement=&#8221;middle&#8221; disable_element=&#8221;yes&#8221; disable_background_image=&#8221;&#8221; content_text_aligment=&#8221;center&#8221;][vc_column width=&#8221;1\/3&#8243;][vc_empty_space height=&#8221;42px&#8221;]<a itemprop=\"url\" href=\"#\" target=\"_blank\"  class=\"mkdf-btn mkdf-btn-medium mkdf-btn-predefined\"  >\n            <span class=\"mkdf-btn-predefined-line-holder\">\n            <span class=\"mkdf-btn-line-hidden\"><\/span>\n            <span class=\"mkdf-btn-text\">50 - 200 CC SYM 2025 BAKIM S\u00dcREC\u0130 &amp; \u00dcCRETLEND\u0130RME<\/span>\n\t        <span class=\"mkdf-btn-line\"><\/span>\n            <i class=\"mkdf-btn-predefined-icon mkdf-icon-ion-icon ion-ios-play \"><\/i>\n        <\/span>\n    <\/a>[vc_empty_space height=&#8221;42px&#8221;][\/vc_column][vc_column width=&#8221;1\/3&#8243;][vc_empty_space height=&#8221;42px&#8221;]<a itemprop=\"url\" href=\"#\" target=\"_blank\"  class=\"mkdf-btn mkdf-btn-medium mkdf-btn-predefined\"  >\n            <span class=\"mkdf-btn-predefined-line-holder\">\n            <span class=\"mkdf-btn-line-hidden\"><\/span>\n            <span class=\"mkdf-btn-text\">250 - 300 CC .2025 SYM BAKIM SUREC\u0130 &amp; \u00dcCRETLEND\u0130RME.<\/span>\n\t        <span class=\"mkdf-btn-line\"><\/span>\n            <i class=\"mkdf-btn-predefined-icon mkdf-icon-ion-icon ion-ios-play \"><\/i>\n        <\/span>\n    <\/a>[vc_empty_space height=&#8221;42px&#8221;][\/vc_column][vc_column width=&#8221;1\/3&#8243;][vc_empty_space height=&#8221;42px&#8221;]<a itemprop=\"url\" href=\"#\" target=\"_blank\"  class=\"mkdf-btn mkdf-btn-medium mkdf-btn-predefined\"  >\n            <span class=\"mkdf-btn-predefined-line-holder\">\n            <span class=\"mkdf-btn-line-hidden\"><\/span>\n            <span class=\"mkdf-btn-text\">400 - 600 CC 2025 SYM BAKIM S\u00dcREC\u0130 &amp; \u00dcCRETLEND\u0130RME<\/span>\n\t        <span class=\"mkdf-btn-line\"><\/span>\n            <i class=\"mkdf-btn-predefined-icon mkdf-icon-ion-icon ion-ios-play \"><\/i>\n        <\/span>\n    <\/a>[vc_empty_space height=&#8221;42px&#8221;][\/vc_column][\/vc_row][vc_row content_placement=&#8221;middle&#8221; disable_background_image=&#8221;&#8221;][vc_column width=&#8221;1\/4&#8243;][vc_empty_space height=&#8221;42px&#8221;][vc_single_image image=&#8221;8082&#8243; img_size=&#8221;medium&#8221; alignment=&#8221;center&#8221; style=&#8221;vc_box_shadow&#8221; onclick=&#8221;zoom&#8221;][\/vc_column][vc_column width=&#8221;3\/4&#8243;][vc_empty_space height=&#8221;42px&#8221;]<a itemprop=\"url\" href=\"https:\/\/www.sym-tr.com\/wp-content\/uploads\/2025\/08\/SYM_Modellerinde_Onerilen_Yag2025.pdf\" target=\"_blank\"  class=\"mkdf-btn mkdf-btn-medium mkdf-btn-predefined\"  >\n            <span class=\"mkdf-btn-predefined-line-holder\">\n            <span class=\"mkdf-btn-line-hidden\"><\/span>\n            <span class=\"mkdf-btn-text\">SYM Modellerinde Ya\u011f \u00d6zellikleri (pdf olarak indirebilirsiniz.)<\/span>\n\t        <span class=\"mkdf-btn-line\"><\/span>\n            <i class=\"mkdf-btn-predefined-icon mkdf-icon-ion-icon ion-ios-play \"><\/i>\n        <\/span>\n    <\/a>[\/vc_column][\/vc_row][vc_row row_content_width=&#8221;grid&#8221; disable_background_image=&#8221;&#8221;][vc_column][vc_empty_space height=&#8221;42px&#8221;][vc_single_image image=&#8221;8236&#8243; img_size=&#8221;full&#8221; alignment=&#8221;center&#8221; style=&#8221;vc_box_border&#8221; border_color=&#8221;juicy_pink&#8221; onclick=&#8221;link_image&#8221;][vc_single_image image=&#8221;8237&#8243; img_size=&#8221;full&#8221; alignment=&#8221;center&#8221; style=&#8221;vc_box_border&#8221; border_color=&#8221;juicy_pink&#8221; onclick=&#8221;link_image&#8221;][\/vc_column][\/vc_row][vc_row disable_background_image=&#8221;&#8221;][vc_column][vc_empty_space][\/vc_column][\/vc_row][vc_row disable_background_image=&#8221;&#8221;][vc_column width=&#8221;1\/3&#8243;][\/vc_column][vc_column width=&#8221;1\/3&#8243;][vc_btn title=&#8221;Buradan PDF olarak indirebilirsiniz!&#8221; color=&#8221;danger&#8221; link=&#8221;url:https%3A%2F%2Fwww.sym-tr.com%2Fwp-content%2Fuploads%2F2025%2F09%2FSYM_periyodik_bakim_tablosu_2025.pdf&#8221;][\/vc_column][vc_column width=&#8221;1\/3&#8243;][\/vc_column][\/vc_row]<\/p>\n<\/div>","protected":false},"excerpt":{"rendered":"<p>[vc_row disable_background_image=&#8221;&#8221;][vc_column][vc_empty_space height=&#8221;42px&#8221;][vc_text_separator title=&#8221;SYM BAKIM S\u00dcREC\u0130 &amp; \u00dcCRETLEND\u0130RME&#8221; color=&#8221;juicy_pink&#8221;][\/vc_column][\/vc_row][vc_row gap=&#8221;35&#8243; content_placement=&#8221;middle&#8221; disable_element=&#8221;yes&#8221; disable_background_image=&#8221;&#8221; content_text_aligment=&#8221;center&#8221;][vc_column width=&#8221;1\/3&#8243;][vc_empty_space height=&#8221;42px&#8221;][vc_empty_space height=&#8221;42px&#8221;][\/vc_column][vc_column width=&#8221;1\/3&#8243;][vc_empty_space height=&#8221;42px&#8221;][vc_empty_space height=&#8221;42px&#8221;][\/vc_column][vc_column width=&#8221;1\/3&#8243;][vc_empty_space height=&#8221;42px&#8221;][vc_empty_space height=&#8221;42px&#8221;][\/vc_column][\/vc_row][vc_row content_placement=&#8221;middle&#8221; disable_background_image=&#8221;&#8221;][vc_column width=&#8221;1\/4&#8243;][vc_empty_space height=&#8221;42px&#8221;][vc_single_image image=&#8221;8082&#8243; img_size=&#8221;medium&#8221; alignment=&#8221;center&#8221; style=&#8221;vc_box_shadow&#8221; onclick=&#8221;zoom&#8221;][\/vc_column][vc_column width=&#8221;3\/4&#8243;][vc_empty_space height=&#8221;42px&#8221;][\/vc_column][\/vc_row][vc_row row_content_width=&#8221;grid&#8221; disable_background_image=&#8221;&#8221;][vc_column][vc_empty_space height=&#8221;42px&#8221;][vc_single_image image=&#8221;8236&#8243; img_size=&#8221;full&#8221; alignment=&#8221;center&#8221; [&hellip;]<\/p>\n","protected":false},"author":2,"featured_media":0,"parent":0,"menu_order":0,"comment_status":"closed","ping_status":"closed","template":"","meta":{"footnotes":""},"class_list":["post-6100","page","type-page","status-publish","hentry"],"_links":{"self":[{"href":"https:\/\/www.sym-tr.com\/en\/wp-json\/wp\/v2\/pages\/6100","targetHints":{"allow":["GET"]}}],"collection":[{"href":"https:\/\/www.sym-tr.com\/en\/wp-json\/wp\/v2\/pages"}],"about":[{"href":"https:\/\/www.sym-tr.com\/en\/wp-json\/wp\/v2\/types\/page"}],"author":[{"embeddable":true,"href":"https:\/\/www.sym-tr.com\/en\/wp-json\/wp\/v2\/users\/2"}],"replies":[{"embeddable":true,"href":"https:\/\/www.sym-tr.com\/en\/wp-json\/wp\/v2\/comments?post=6100"}],"version-history":[{"count":0,"href":"https:\/\/www.sym-tr.com\/en\/wp-json\/wp\/v2\/pages\/6100\/revisions"}],"wp:attachment":[{"href":"https:\/\/www.sym-tr.com\/en\/wp-json\/wp\/v2\/media?parent=6100"}],"curies":[{"name":"wp","href":"https:\/\/api.w.org\/{rel}","templated":true}]}}