{"id":7102,"date":"2024-11-22T11:05:19","date_gmt":"2024-11-22T08:05:19","guid":{"rendered":"https:\/\/www.sym-tr.com\/?page_id=7102"},"modified":"2024-11-25T20:25:57","modified_gmt":"2024-11-25T17:25:57","slug":"mio-50-gonullu-geri-cagirma-randevu","status":"publish","type":"page","link":"https:\/\/www.sym-tr.com\/en\/mio-50-gonullu-geri-cagirma-randevu\/","title":{"rendered":"(Turkish) MIO 50 G\u00d6N\u00dcLL\u00dc GER\u0130 \u00c7A\u011eIRMA RANDEVU"},"content":{"rendered":"<div class=\"wpb-content-wrapper\"><p>[vc_row disable_background_image=&#8221;&#8221;][vc_column]<div class=\"mkdf-elements-holder   mkdf-one-column  mkdf-responsive-mode-768 \" ><div class=\"mkdf-eh-item    \"  data-item-class=\"mkdf-eh-custom-9659\">\n\t<div class=\"mkdf-eh-item-inner\">\n\t\t<div class=\"mkdf-eh-item-content mkdf-eh-custom-9659\" >\n\t\t\t[vc_text_separator title=&#8221;Customer information&#8221; color=&#8221;juicy_pink&#8221;][vc_column_text]<\/p>\n<p style=\"text-align: center;\">We thank you for your interest in our company and your trust in our brand by purchasing your SYM brand vehicle. Your continued trust in our brand and vehicle is of great importance to us. With this letter, we would like to inform you of our decision to evaluate SYM brand motorcycles within the scope of the product safety campaign.<\/p>\n<p style=\"text-align: center;\">Within the scope of continuous quality controls carried out by our production center, 2 (two) non-conformities were detected in your MIO 50 model SYM brand motorcycle produced in 2019.<br \/>\nThe USB charging socket on your motorcycle must be removed and canceled because it affects electromagnetic compatibility; in addition, since your vehicle identification label is not in compliance with the legislation, the label in the under-seat luggage section must be removed and a new label in compliance with the legislation must be installed instead.<\/p>\n<p style=\"text-align: center;\">Therefore, it has been decided to carry out corrective action on the relevant vehicles imported by our company. The relevant service instructions have been sent to all our authorized services. In this context, we kindly request that you make an appointment and take your motorcycle to the nearest authorized service for the planned repair activity. The correction process will be completed within 30 (thirty) minutes. If you do not allow the inspection and repair processes to be performed, we would like to emphasize that all risks will be borne by you and we kindly request your attention to this matter.<\/p>\n<p style=\"text-align: center;\">You can create a service appointment and contact us through our website www.sym-tr.com to receive technical support on the subject.<\/p>\n<p>[\/vc_column_text]\t\t<\/div>\n\t<\/div>\n<\/div><\/div>[\/vc_column][\/vc_row]<\/p>\n<\/div>","protected":false},"excerpt":{"rendered":"<p>[vc_row disable_background_image=&#8221;&#8221;][vc_column][\/vc_column][\/vc_row]<\/p>\n","protected":false},"author":2,"featured_media":0,"parent":0,"menu_order":0,"comment_status":"closed","ping_status":"closed","template":"","meta":{"footnotes":""},"class_list":["post-7102","page","type-page","status-publish","hentry"],"_links":{"self":[{"href":"https:\/\/www.sym-tr.com\/en\/wp-json\/wp\/v2\/pages\/7102","targetHints":{"allow":["GET"]}}],"collection":[{"href":"https:\/\/www.sym-tr.com\/en\/wp-json\/wp\/v2\/pages"}],"about":[{"href":"https:\/\/www.sym-tr.com\/en\/wp-json\/wp\/v2\/types\/page"}],"author":[{"embeddable":true,"href":"https:\/\/www.sym-tr.com\/en\/wp-json\/wp\/v2\/users\/2"}],"replies":[{"embeddable":true,"href":"https:\/\/www.sym-tr.com\/en\/wp-json\/wp\/v2\/comments?post=7102"}],"version-history":[{"count":0,"href":"https:\/\/www.sym-tr.com\/en\/wp-json\/wp\/v2\/pages\/7102\/revisions"}],"wp:attachment":[{"href":"https:\/\/www.sym-tr.com\/en\/wp-json\/wp\/v2\/media?parent=7102"}],"curies":[{"name":"wp","href":"https:\/\/api.w.org\/{rel}","templated":true}]}}